{"id":2,"date":"2026-01-02T20:36:40","date_gmt":"2026-01-02T13:36:40","guid":{"rendered":"https:\/\/www.demo.vietnamweb.asia\/?page_id=2"},"modified":"2026-01-02T20:36:11","modified_gmt":"2026-01-02T13:36:11","slug":"trang-chu","status":"publish","type":"page","link":"https:\/\/2899x.org\/","title":{"rendered":"2899x com &#8211; N\u1ed5 H\u0169 Th\u01b0\u1edfng C\u01b0\u1ee3c M\u1ed7i Ng\u00e0y T\u1ed1i \u0110a \u0110\u1ebfn 88.888k"},"content":{"rendered":"<h2><span style=\"font-size: 110%; color: #f99b1c;\"><strong>TRANG CH\u1ee6 \u0110\u0102NG NH\u1eacP NH\u00c0 C\u00c1I 28BET<\/strong><\/span><\/h2>\n<p>Link trang t\u1ed5ng v\u00e0o 2899x com ch\u00ednh th\u1ee9c c\u1eadp nh\u1eadt ng\u00e0y h\u00f4m nay m\u1edbi nh\u1ea5t:<\/p>\n<div class=\"row row-small\"  id=\"row-1567471947\">\n\n\t<div id=\"col-944091987\" class=\"col medium-4 small-12 large-4\"  >\n\t\t\t\t<div class=\"col-inner\"  >\n\t\t\t\n\t\t\t\n\t<div class=\"img has-hover x md-x lg-x y md-y lg-y\" id=\"image_1046117816\">\n\t\t<a class=\"\" href=\"https:\/\/linkquangcao.com\/kfqi\" >\t\t\t\t\t\t<div class=\"img-inner dark\" >\n\t\t\t<img loading=\"lazy\" decoding=\"async\" width=\"400\" height=\"188\" src=\"https:\/\/2899x.org\/wp-content\/uploads\/2025\/03\/dang-ky.webp\" class=\"attachment-original size-original\" alt=\"\u0110\u0103ng k\u00fd nh\u00e0 c\u00e1i\" srcset=\"https:\/\/2899x.org\/wp-content\/uploads\/2025\/03\/dang-ky.webp 400w, https:\/\/2899x.org\/wp-content\/uploads\/2025\/03\/dang-ky-300x141.webp 300w\" sizes=\"auto, (max-width: 400px) 100vw, 400px\" \/>\t\t\t\t\t\t\n\t\t\t\t\t<\/div>\n\t\t\t\t\t\t<\/a>\t\t\n<style>\n#image_1046117816 {\n  width: 100%;\n}\n<\/style>\n\t<\/div>\n\t\n\t\t<\/div>\n\t\t\t\t\t<\/div>\n\n\t\n\n\t<div id=\"col-744689895\" class=\"col medium-4 small-12 large-4\"  >\n\t\t\t\t<div class=\"col-inner\"  >\n\t\t\t\n\t\t\t\n\t<div class=\"img has-hover x md-x lg-x y md-y lg-y\" id=\"image_632890726\">\n\t\t<a class=\"\" href=\"https:\/\/linkquangcao.com\/kfqi\" >\t\t\t\t\t\t<div class=\"img-inner dark\" >\n\t\t\t<img loading=\"lazy\" decoding=\"async\" width=\"400\" height=\"188\" src=\"https:\/\/2899x.org\/wp-content\/uploads\/2025\/03\/dang-nhap.webp\" class=\"attachment-original size-original\" alt=\"\u0110\u0103ng nh\u1eadp t\u1ea3i app\" srcset=\"https:\/\/2899x.org\/wp-content\/uploads\/2025\/03\/dang-nhap.webp 400w, https:\/\/2899x.org\/wp-content\/uploads\/2025\/03\/dang-nhap-300x141.webp 300w\" sizes=\"auto, (max-width: 400px) 100vw, 400px\" \/>\t\t\t\t\t\t\n\t\t\t\t\t<\/div>\n\t\t\t\t\t\t<\/a>\t\t\n<style>\n#image_632890726 {\n  width: 100%;\n}\n<\/style>\n\t<\/div>\n\t\n\t\t<\/div>\n\t\t\t\t\t<\/div>\n\n\t\n\n\t<div id=\"col-506227252\" class=\"col medium-4 small-12 large-4\"  >\n\t\t\t\t<div class=\"col-inner\"  >\n\t\t\t\n\t\t\t\n\t<div class=\"img has-hover x md-x lg-x y md-y lg-y\" id=\"image_1627127749\">\n\t\t<a class=\"\" href=\"https:\/\/linkquangcao.com\/kfqi\" >\t\t\t\t\t\t<div class=\"img-inner dark\" >\n\t\t\t<img loading=\"lazy\" decoding=\"async\" width=\"400\" height=\"188\" src=\"https:\/\/2899x.org\/wp-content\/uploads\/2025\/03\/khuyen-mai.webp\" class=\"attachment-original size-original\" alt=\"Khuy\u1ebfn m\u00e3i th\u00e0nh vi\u00ean\" srcset=\"https:\/\/2899x.org\/wp-content\/uploads\/2025\/03\/khuyen-mai.webp 400w, https:\/\/2899x.org\/wp-content\/uploads\/2025\/03\/khuyen-mai-300x141.webp 300w\" sizes=\"auto, (max-width: 400px) 100vw, 400px\" \/>\t\t\t\t\t\t\n\t\t\t\t\t<\/div>\n\t\t\t\t\t\t<\/a>\t\t\n<style>\n#image_1627127749 {\n  width: 100%;\n}\n<\/style>\n\t<\/div>\n\t\n\t\t<\/div>\n\t\t\t\t\t<\/div>\n\n\t\n<\/div>\n\t<div id=\"gap-1816711741\" class=\"gap-element clearfix\" style=\"display:block; height:auto;\">\n\t\t\n<style>\n#gap-1816711741 {\n  padding-top: 16px;\n}\n<\/style>\n\t<\/div>\n\t\n\t<div id=\"gap-554114693\" class=\"gap-element clearfix\" style=\"display:block; height:auto;\">\n\t\t\n<style>\n#gap-554114693 {\n  padding-top: 15px;\n}\n<\/style>\n\t<\/div>\n\t\n<p><em><strong>DISCLAIMER (TUY\u00caN B\u1ed0 MI\u1ec4N TR\u1eea):<\/strong><\/em> 2899x.org ch\u1ec9 \u0111\u0103ng t\u1ea3i th\u00f4ng tin mang t\u00ednh t\u1ed5ng h\u1ee3p v\u00e0 tham kh\u1ea3o d\u00e0nh cho ng\u01b0\u1eddi \u0111\u1ecdc \u0111\u1ee7 18 tu\u1ed5i, kh\u00f4ng c\u01b0 tr\u00fa t\u1ea1i Vi\u1ec7t Nam v\u00e0 kh\u00f4ng tham gia v\u00e0o b\u1ea5t k\u1ef3 h\u00ecnh th\u1ee9c c\u00e1 c\u01b0\u1ee3c n\u00e0o. Ng\u01b0\u1eddi truy c\u1eadp t\u1ef1 quy\u1ebft \u0111\u1ecbnh v\u00e0 ho\u00e0n to\u00e0n ch\u1ecbu tr\u00e1ch nhi\u1ec7m \u0111\u1ed1i v\u1edbi h\u00e0nh vi c\u1ee7a m\u00ecnh. 2899x bet kh\u00f4ng ch\u1ecbu tr\u00e1ch nhi\u1ec7m cho m\u1ecdi thi\u1ec7t h\u1ea1i ph\u00e1t sinh t\u1eeb vi\u1ec7c ng\u01b0\u1eddi d\u00f9ng ch\u1ee7 \u0111\u1ed9ng s\u1eed d\u1ee5ng d\u1ecbch v\u1ee5 t\u1eeb c\u00e1c b\u00ean th\u1ee9 ba.<\/p>\n<h2 class=\"tieu-de uppercase\"><span style=\"color: #3366ff;\"><strong>FAQ &#8211; th\u1eafc m\u1eafc th\u01b0\u1eddng th\u1ea5y khi ch\u01a1i tr\u00ean 28BET<\/strong><\/span><\/h2>\n<div class=\"accordion\"><\/div>\n\t<div id=\"accordion-3902225807\" class=\"accordion-item\">\n\t\t<a id=\"accordion-3902225807-label\" class=\"accordion-title plain\" href=\"#accordion-item-%20c\u00f3-nh\u1eefng-\u0111\u01b0\u1eddng-d\u1eabn-truy-c\u1eadp-2899-x.com-n\u00e0o?-\" aria-expanded=\"false\" aria-controls=\"accordion-3902225807-content\" >\n\t\t\t<button class=\"toggle\" aria-label=\"Chuy\u1ec3n \u0111\u1ed5i\"><i class=\"icon-angle-down\"><\/i><\/button>\n\t\t\t<span> C\u00f3 nh\u1eefng \u0111\u01b0\u1eddng d\u1eabn truy c\u1eadp 2899 x.com n\u00e0o? <\/span>\n\t\t<\/a>\n\t\t<div id=\"accordion-3902225807-content\" class=\"accordion-inner\" aria-labelledby=\"accordion-3902225807-label\" >\n\t\t\t\n<p><span style=\"color: #3366ff;\">Nh\u00e0 c\u00e1i 28bet .com cung c\u1ea5p c\u00e1c \u0111\u01b0\u1eddng d\u1eabn truy c\u1eadp sau:<\/span><\/p>\n<ul>\n<li><span style=\"color: #3366ff;\">2899x.com<\/span><\/li>\n<li><span style=\"color: #3366ff;\">2899 x.casino<\/span><\/li>\n<li><span style=\"color: #3366ff;\">288 99x.game<\/span><\/li>\n<li><span style=\"color: #3366ff;\">28899 x.app<\/span><\/li>\n<li><span style=\"color: #3366ff;\">2899x . bet<\/span><\/li>\n<li><span style=\"color: #3366ff;\">2899x .win<\/span><\/li>\n<\/ul>\n<p>#trangchu28bet #dangnhap28bet #dangky28bet #taiapp28bet #app28bet #28betbet #28betcasino<\/p>\n<p>#trangchu2899x #dangnhap2899x #dangky2899x #taiapp2899x #app2899x #2899xbet #2899xcasino<\/p>\n\t\t<\/div>\n\t<\/div>\n\t\n\t<div id=\"accordion-2657858437\" class=\"accordion-item\">\n\t\t<a id=\"accordion-2657858437-label\" class=\"accordion-title plain\" href=\"#accordion-item-c\u00e1ch-nh\u1eadn-khuy\u1ebfn-m\u00e3i-ch\u00e0o-m\u1eebng-t\u00e2n-th\u1ee7-2899x.casino?\" aria-expanded=\"false\" aria-controls=\"accordion-2657858437-content\" >\n\t\t\t<button class=\"toggle\" aria-label=\"Chuy\u1ec3n \u0111\u1ed5i\"><i class=\"icon-angle-down\"><\/i><\/button>\n\t\t\t<span>C\u00e1ch nh\u1eadn khuy\u1ebfn m\u00e3i ch\u00e0o m\u1eebng t\u00e2n th\u1ee7 2899x.casino?<\/span>\n\t\t<\/a>\n\t\t<div id=\"accordion-2657858437-content\" class=\"accordion-inner\" aria-labelledby=\"accordion-2657858437-label\" >\n\t\t\t\n<p><span style=\"color: #3366ff;\">Nh\u00e0 c\u00e1i 28bet \u00e1p d\u1ee5ng t\u1eb7ng 58k tr\u1ea3i nghi\u1ec7m \u0111\u1ed1i v\u1edbi nh\u1eefng ng\u01b0\u1eddi ch\u01a1i \u0111\u0103ng k\u00fd l\u1ea7n \u0111\u1ea7u. Sau khi \u0111\u00e3 \u0111\u0103ng k\u00fd t\u00e0i kho\u1ea3n th\u00e0nh c\u00f4ng, ng\u01b0\u1eddi ch\u01a1i truy c\u1eadp t\u00e0i kho\u1ea3n v\u00e0o h\u00f2m th\u01b0 nh\u1eadn th\u01b0\u1edfng mi\u1ec5n ph\u00ed tr\u1ea3i nghi\u1ec7m \u0111\u01b0\u1ee3c m\u1ecdi game.<\/span><\/p>\n\t\t<\/div>\n\t<\/div>\n\t\n\t<div id=\"accordion-1297847498\" class=\"accordion-item\">\n\t\t<a id=\"accordion-1297847498-label\" class=\"accordion-title plain\" href=\"#accordion-item-tr\u1ea3i-nghi\u1ec7m-ch\u01a1i-game-tr\u00ean-app-28bet-con-c\u00f3-\u0111\u01b0\u1ee3c-kh\u00f4ng?\" aria-expanded=\"false\" aria-controls=\"accordion-1297847498-content\" >\n\t\t\t<button class=\"toggle\" aria-label=\"Chuy\u1ec3n \u0111\u1ed5i\"><i class=\"icon-angle-down\"><\/i><\/button>\n\t\t\t<span>Tr\u1ea3i nghi\u1ec7m ch\u01a1i game tr\u00ean app 28bet con c\u00f3 \u0111\u01b0\u1ee3c kh\u00f4ng?<\/span>\n\t\t<\/a>\n\t\t<div id=\"accordion-1297847498-content\" class=\"accordion-inner\" aria-labelledby=\"accordion-1297847498-label\" >\n\t\t\t\n<p><span style=\"color: #3366ff;\">Ng\u01b0\u1eddi ch\u01a1i ho\u00e0n to\u00e0n c\u00f3 th\u1ec3 ch\u01a1i game tr\u00ean \u1ee9ng d\u1ee5ng 2899 x com. \u1ee8ng d\u1ee5ng c\u1ee7a nh\u00e0 c\u00e1i \u0111\u01b0\u1ee3c thi\u1ebft k\u1ebf v\u1edbi giao di\u1ec7n hi\u1ec7n \u0111\u1ea1i, dung l\u01b0\u1ee3ng nh\u1ecf g\u1ecdn n\u00ean ph\u00f9 h\u1ee3p v\u1edbi m\u1ecdi lo\u1ea1i thi\u1ebft b\u1ecb. Gi\u00fap ng\u01b0\u1eddi ch\u01a1i c\u00f3 tr\u1ea3i nghi\u1ec7m an to\u00e0n v\u00e0 ti\u1ec7n l\u1ee3i h\u01a1n.<\/span><\/p>\n\t\t<\/div>\n\t<\/div>\n\t\n\t<div id=\"accordion-1173352219\" class=\"accordion-item\">\n\t\t<a id=\"accordion-1173352219-label\" class=\"accordion-title plain\" href=\"#accordion-item-ch\u01a1i-2899x-app-c\u00f3-r\u00fat-\u0111\u01b0\u1ee3c-ti\u1ec1n-kh\u00f4ng?\" aria-expanded=\"false\" aria-controls=\"accordion-1173352219-content\" >\n\t\t\t<button class=\"toggle\" aria-label=\"Chuy\u1ec3n \u0111\u1ed5i\"><i class=\"icon-angle-down\"><\/i><\/button>\n\t\t\t<span>Ch\u01a1i 2899x app c\u00f3 r\u00fat \u0111\u01b0\u1ee3c ti\u1ec1n kh\u00f4ng?<\/span>\n\t\t<\/a>\n\t\t<div id=\"accordion-1173352219-content\" class=\"accordion-inner\" aria-labelledby=\"accordion-1173352219-label\" >\n\t\t\t\n<p><span style=\"color: #3366ff;\">Ng\u01b0\u1eddi ch\u01a1i 28bet app ho\u00e0n to\u00e0n r\u00fat \u0111\u01b0\u1ee3c ti\u1ec1n khi \u0111\u00e3 \u0111\u1ee7 \u0111i\u1ec1u ki\u1ec7n th\u01b0\u1eddng th\u00ec sau 1 v\u00f2ng c\u01b0\u1ee3c ho\u1eb7c s\u1ed1 v\u00f2ng c\u01b0\u1ee3c c\u1ee7a nh\u1eefng ch\u01b0\u01a1ng tr\u00ecnh khuy\u1ebfn m\u00e3i \u0111\u00e3 th\u00f4ng b\u00e1o chi ti\u1ebft \u0111\u1ebfn ng\u01b0\u1eddi ch\u01a1i.<\/span><\/p>\n\t\t<\/div>\n\t<\/div>\n\t\n<p>&nbsp;<\/p>\n","protected":false},"excerpt":{"rendered":"<p>TRANG CH\u1ee6 \u0110\u0102NG NH\u1eacP NH\u00c0 C\u00c1I 28BET Link trang t\u1ed5ng v\u00e0o 2899x com ch\u00ednh th\u1ee9c c\u1eadp nh\u1eadt ng\u00e0y h\u00f4m nay m\u1edbi nh\u1ea5t: DISCLAIMER (TUY\u00caN B\u1ed0 MI\u1ec4N TR\u1eea): 2899x.org ch\u1ec9 \u0111\u0103ng t\u1ea3i th\u00f4ng tin mang t\u00ednh t\u1ed5ng h\u1ee3p v\u00e0 tham kh\u1ea3o d\u00e0nh cho ng\u01b0\u1eddi \u0111\u1ecdc \u0111\u1ee7 18 tu\u1ed5i, kh\u00f4ng c\u01b0 tr\u00fa t\u1ea1i Vi\u1ec7t Nam v\u00e0 kh\u00f4ng&#8230;<\/p>\n","protected":false},"author":1,"featured_media":0,"parent":0,"menu_order":0,"comment_status":"closed","ping_status":"open","template":"page-right-sidebar.php","meta":{"footnotes":""},"class_list":["post-2","page","type-page","status-publish","hentry"],"_links":{"self":[{"href":"https:\/\/2899x.org\/index.php?rest_route=\/wp\/v2\/pages\/2","targetHints":{"allow":["GET"]}}],"collection":[{"href":"https:\/\/2899x.org\/index.php?rest_route=\/wp\/v2\/pages"}],"about":[{"href":"https:\/\/2899x.org\/index.php?rest_route=\/wp\/v2\/types\/page"}],"author":[{"embeddable":true,"href":"https:\/\/2899x.org\/index.php?rest_route=\/wp\/v2\/users\/1"}],"replies":[{"embeddable":true,"href":"https:\/\/2899x.org\/index.php?rest_route=%2Fwp%2Fv2%2Fcomments&post=2"}],"version-history":[{"count":54,"href":"https:\/\/2899x.org\/index.php?rest_route=\/wp\/v2\/pages\/2\/revisions"}],"predecessor-version":[{"id":633,"href":"https:\/\/2899x.org\/index.php?rest_route=\/wp\/v2\/pages\/2\/revisions\/633"}],"wp:attachment":[{"href":"https:\/\/2899x.org\/index.php?rest_route=%2Fwp%2Fv2%2Fmedia&parent=2"}],"curies":[{"name":"wp","href":"https:\/\/api.w.org\/{rel}","templated":true}]}}